{"id":4694,"date":"2025-04-01T15:41:57","date_gmt":"2025-04-01T15:41:57","guid":{"rendered":"https:\/\/apotalent.com\/?page_id=4694"},"modified":"2025-04-02T09:45:27","modified_gmt":"2025-04-02T09:45:27","slug":"elementor-4694","status":"publish","type":"page","link":"https:\/\/apotalent.com\/en\/","title":{"rendered":"P\u00e1gina fuera de servicio"},"content":{"rendered":"<div data-elementor-type=\"wp-page\" data-elementor-id=\"4694\" class=\"elementor elementor-4694\" data-elementor-post-type=\"page\">\n\t\t\t\t\t\t<section class=\"elementor-section elementor-top-section elementor-element elementor-element-0465d7f elementor-section-full_width elementor-section-stretched elementor-section-height-default elementor-section-height-default\" data-id=\"0465d7f\" data-element_type=\"section\" data-settings=\"{&quot;stretch_section&quot;:&quot;section-stretched&quot;}\">\n\t\t\t\t\t\t<div class=\"elementor-container elementor-column-gap-default\">\n\t\t\t\t\t<div class=\"elementor-column elementor-col-100 elementor-top-column elementor-element elementor-element-3e18017\" data-id=\"3e18017\" data-element_type=\"column\">\n\t\t\t<div class=\"elementor-widget-wrap elementor-element-populated\">\n\t\t\t\t\t\t<div class=\"elementor-element elementor-element-294ef41 elementor-hidden-tablet elementor-hidden-mobile elementor-widget elementor-widget-image\" data-id=\"294ef41\" data-element_type=\"widget\" data-widget_type=\"image.default\">\n\t\t\t\t<div class=\"elementor-widget-container\">\n\t\t\t\t\t\t\t\t\t\t\t\t\t\t\t<img fetchpriority=\"high\" decoding=\"async\" width=\"4607\" height=\"2381\" src=\"https:\/\/apotalent.com\/wp-content\/uploads\/2025\/04\/Mesa-de-trabajo-54-copia-2@2x-1.png\" class=\"attachment-full size-full wp-image-4744\" alt=\"\" srcset=\"https:\/\/apotalent.com\/wp-content\/uploads\/2025\/04\/Mesa-de-trabajo-54-copia-2@2x-1.png 4607w, https:\/\/apotalent.com\/wp-content\/uploads\/2025\/04\/Mesa-de-trabajo-54-copia-2@2x-1-300x155.png 300w, https:\/\/apotalent.com\/wp-content\/uploads\/2025\/04\/Mesa-de-trabajo-54-copia-2@2x-1-1024x529.png 1024w, https:\/\/apotalent.com\/wp-content\/uploads\/2025\/04\/Mesa-de-trabajo-54-copia-2@2x-1-768x397.png 768w, https:\/\/apotalent.com\/wp-content\/uploads\/2025\/04\/Mesa-de-trabajo-54-copia-2@2x-1-1536x794.png 1536w, https:\/\/apotalent.com\/wp-content\/uploads\/2025\/04\/Mesa-de-trabajo-54-copia-2@2x-1-2048x1058.png 2048w, https:\/\/apotalent.com\/wp-content\/uploads\/2025\/04\/Mesa-de-trabajo-54-copia-2@2x-1-18x9.png 18w, https:\/\/apotalent.com\/wp-content\/uploads\/2025\/04\/Mesa-de-trabajo-54-copia-2@2x-1-1920x992.png 1920w\" sizes=\"(max-width: 4607px) 100vw, 4607px\" \/>\t\t\t\t\t\t\t\t\t\t\t\t\t\t\t<\/div>\n\t\t\t\t<\/div>\n\t\t\t\t<div class=\"elementor-element elementor-element-8d27864 elementor-hidden-desktop elementor-widget elementor-widget-image\" data-id=\"8d27864\" data-element_type=\"widget\" data-widget_type=\"image.default\">\n\t\t\t\t<div class=\"elementor-widget-container\">\n\t\t\t\t\t\t\t\t\t\t\t\t\t\t\t<img decoding=\"async\" width=\"6913\" height=\"11528\" src=\"https:\/\/apotalent.com\/wp-content\/uploads\/2025\/04\/Mesa-de-trabajo-54-copia-2@3x.png\" class=\"attachment-full size-full wp-image-4749\" alt=\"\" srcset=\"https:\/\/apotalent.com\/wp-content\/uploads\/2025\/04\/Mesa-de-trabajo-54-copia-2@3x.png 6913w, https:\/\/apotalent.com\/wp-content\/uploads\/2025\/04\/Mesa-de-trabajo-54-copia-2@3x-180x300.png 180w, https:\/\/apotalent.com\/wp-content\/uploads\/2025\/04\/Mesa-de-trabajo-54-copia-2@3x-614x1024.png 614w, https:\/\/apotalent.com\/wp-content\/uploads\/2025\/04\/Mesa-de-trabajo-54-copia-2@3x-768x1281.png 768w, https:\/\/apotalent.com\/wp-content\/uploads\/2025\/04\/Mesa-de-trabajo-54-copia-2@3x-921x1536.png 921w, https:\/\/apotalent.com\/wp-content\/uploads\/2025\/04\/Mesa-de-trabajo-54-copia-2@3x-1228x2048.png 1228w, https:\/\/apotalent.com\/wp-content\/uploads\/2025\/04\/Mesa-de-trabajo-54-copia-2@3x-7x12.png 7w, https:\/\/apotalent.com\/wp-content\/uploads\/2025\/04\/Mesa-de-trabajo-54-copia-2@3x-1024x1708.png 1024w, https:\/\/apotalent.com\/wp-content\/uploads\/2025\/04\/Mesa-de-trabajo-54-copia-2@3x-648x1080.png 648w\" sizes=\"(max-width: 6913px) 100vw, 6913px\" \/>\t\t\t\t\t\t\t\t\t\t\t\t\t\t\t<\/div>\n\t\t\t\t<\/div>\n\t\t\t\t\t<\/div>\n\t\t<\/div>\n\t\t\t\t\t<\/div>\n\t\t<\/section>\n\t\t\t\t<section class=\"elementor-section elementor-top-section elementor-element elementor-element-48e2db0 elementor-section-boxed elementor-section-height-default elementor-section-height-default\" data-id=\"48e2db0\" data-element_type=\"section\">\n\t\t\t\t\t\t<div class=\"elementor-container elementor-column-gap-default\">\n\t\t\t\t\t<div class=\"elementor-column elementor-col-100 elementor-top-column elementor-element elementor-element-2b23500\" data-id=\"2b23500\" data-element_type=\"column\">\n\t\t\t<div class=\"elementor-widget-wrap\">\n\t\t\t\t\t\t\t<\/div>\n\t\t<\/div>\n\t\t\t\t\t<\/div>\n\t\t<\/section>\n\t\t\t\t<\/div>","protected":false},"excerpt":{"rendered":"","protected":false},"author":1,"featured_media":0,"parent":0,"menu_order":0,"comment_status":"closed","ping_status":"closed","template":"","meta":{"footnotes":""},"class_list":["post-4694","page","type-page","status-publish","hentry"],"yoast_head":"<!-- This site is optimized with the Yoast SEO plugin v24.6 - https:\/\/yoast.com\/wordpress\/plugins\/seo\/ -->\n<title>P\u00e1gina fuera de servicio | ApoTalent - Conectamos farmacias con profesionales farmac\u00e9uticos<\/title>\n<meta name=\"robots\" content=\"index, follow, max-snippet:-1, max-image-preview:large, max-video-preview:-1\" \/>\n<link rel=\"canonical\" href=\"https:\/\/apotalent.com\/en\/\" \/>\n<meta property=\"og:locale\" content=\"en_GB\" \/>\n<meta property=\"og:type\" content=\"article\" \/>\n<meta property=\"og:title\" content=\"P\u00e1gina fuera de servicio | ApoTalent - Conectamos farmacias con profesionales farmac\u00e9uticos\" \/>\n<meta property=\"og:url\" content=\"https:\/\/apotalent.com\/en\/\" \/>\n<meta property=\"og:site_name\" content=\"ApoTalent - Conectamos farmacias con profesionales farmac\u00e9uticos\" \/>\n<meta property=\"article:publisher\" content=\"https:\/\/www.facebook.com\/profile.php?id=100075030421261\" \/>\n<meta property=\"article:modified_time\" content=\"2025-04-02T09:45:27+00:00\" \/>\n<meta property=\"og:image\" content=\"https:\/\/apotalent.com\/wp-content\/uploads\/2025\/04\/Mesa-de-trabajo-54-copia-2@2x-1.png\" \/>\n\t<meta property=\"og:image:width\" content=\"4607\" \/>\n\t<meta property=\"og:image:height\" content=\"2381\" \/>\n\t<meta property=\"og:image:type\" content=\"image\/png\" \/>\n<meta name=\"twitter:card\" content=\"summary_large_image\" \/>\n<meta name=\"twitter:label1\" content=\"Estimated reading time\" \/>\n\t<meta name=\"twitter:data1\" content=\"1 minute\" \/>\n<script type=\"application\/ld+json\" class=\"yoast-schema-graph\">{\"@context\":\"https:\/\/schema.org\",\"@graph\":[{\"@type\":\"WebPage\",\"@id\":\"https:\/\/apotalent.com\/\",\"url\":\"https:\/\/apotalent.com\/\",\"name\":\"P\u00e1gina fuera de servicio | ApoTalent - Conectamos farmacias con profesionales farmac\u00e9uticos\",\"isPartOf\":{\"@id\":\"https:\/\/apotalent.com\/#website\"},\"primaryImageOfPage\":{\"@id\":\"https:\/\/apotalent.com\/#primaryimage\"},\"image\":{\"@id\":\"https:\/\/apotalent.com\/#primaryimage\"},\"thumbnailUrl\":\"https:\/\/apotalent.com\/wp-content\/uploads\/2025\/04\/Mesa-de-trabajo-54-copia-2@2x-1.png\",\"datePublished\":\"2025-04-01T15:41:57+00:00\",\"dateModified\":\"2025-04-02T09:45:27+00:00\",\"breadcrumb\":{\"@id\":\"https:\/\/apotalent.com\/#breadcrumb\"},\"inLanguage\":\"en-GB\",\"potentialAction\":[{\"@type\":\"ReadAction\",\"target\":[\"https:\/\/apotalent.com\/\"]}]},{\"@type\":\"ImageObject\",\"inLanguage\":\"en-GB\",\"@id\":\"https:\/\/apotalent.com\/#primaryimage\",\"url\":\"https:\/\/apotalent.com\/wp-content\/uploads\/2025\/04\/Mesa-de-trabajo-54-copia-2@2x-1.png\",\"contentUrl\":\"https:\/\/apotalent.com\/wp-content\/uploads\/2025\/04\/Mesa-de-trabajo-54-copia-2@2x-1.png\"},{\"@type\":\"BreadcrumbList\",\"@id\":\"https:\/\/apotalent.com\/#breadcrumb\",\"itemListElement\":[{\"@type\":\"ListItem\",\"position\":1,\"name\":\"Portada\",\"item\":\"https:\/\/apotalent.com\/\"},{\"@type\":\"ListItem\",\"position\":2,\"name\":\"P\u00e1gina fuera de servicio\"}]},{\"@type\":\"WebSite\",\"@id\":\"https:\/\/apotalent.com\/#website\",\"url\":\"https:\/\/apotalent.com\/\",\"name\":\"ApoTalent - Conectamos farmacias con profesionales farmac\u00e9uticos\",\"description\":\"Automatizamos el proceso de an\u00e1lisis y selecci\u00f3n de candidatos, conectando a las farmacias con los candidatos que m\u00e1s se ajusten a una oferta\",\"publisher\":{\"@id\":\"https:\/\/apotalent.com\/#organization\"},\"potentialAction\":[{\"@type\":\"SearchAction\",\"target\":{\"@type\":\"EntryPoint\",\"urlTemplate\":\"https:\/\/apotalent.com\/?s={search_term_string}\"},\"query-input\":{\"@type\":\"PropertyValueSpecification\",\"valueRequired\":true,\"valueName\":\"search_term_string\"}}],\"inLanguage\":\"en-GB\"},{\"@type\":\"Organization\",\"@id\":\"https:\/\/apotalent.com\/#organization\",\"name\":\"ApoTalent\",\"url\":\"https:\/\/apotalent.com\/\",\"logo\":{\"@type\":\"ImageObject\",\"inLanguage\":\"en-GB\",\"@id\":\"https:\/\/apotalent.com\/#\/schema\/logo\/image\/\",\"url\":\"https:\/\/apotalent.com\/wp-content\/uploads\/2021\/01\/cropped-Group-392.png\",\"contentUrl\":\"https:\/\/apotalent.com\/wp-content\/uploads\/2021\/01\/cropped-Group-392.png\",\"width\":1074,\"height\":351,\"caption\":\"ApoTalent\"},\"image\":{\"@id\":\"https:\/\/apotalent.com\/#\/schema\/logo\/image\/\"},\"sameAs\":[\"https:\/\/www.facebook.com\/profile.php?id=100075030421261\",\"https:\/\/www.instagram.com\/apotalent\/\"]}]}<\/script>\n<!-- \/ Yoast SEO plugin. -->","yoast_head_json":{"title":"P\u00e1gina fuera de servicio | ApoTalent - Conectamos farmacias con profesionales farmac\u00e9uticos","robots":{"index":"index","follow":"follow","max-snippet":"max-snippet:-1","max-image-preview":"max-image-preview:large","max-video-preview":"max-video-preview:-1"},"canonical":"https:\/\/apotalent.com\/en\/","og_locale":"en_GB","og_type":"article","og_title":"P\u00e1gina fuera de servicio | ApoTalent - Conectamos farmacias con profesionales farmac\u00e9uticos","og_url":"https:\/\/apotalent.com\/en\/","og_site_name":"ApoTalent - Conectamos farmacias con profesionales farmac\u00e9uticos","article_publisher":"https:\/\/www.facebook.com\/profile.php?id=100075030421261","article_modified_time":"2025-04-02T09:45:27+00:00","og_image":[{"width":4607,"height":2381,"url":"https:\/\/apotalent.com\/wp-content\/uploads\/2025\/04\/Mesa-de-trabajo-54-copia-2@2x-1.png","type":"image\/png"}],"twitter_card":"summary_large_image","twitter_misc":{"Estimated reading time":"1 minute"},"schema":{"@context":"https:\/\/schema.org","@graph":[{"@type":"WebPage","@id":"https:\/\/apotalent.com\/","url":"https:\/\/apotalent.com\/","name":"P\u00e1gina fuera de servicio | ApoTalent - Conectamos farmacias con profesionales farmac\u00e9uticos","isPartOf":{"@id":"https:\/\/apotalent.com\/#website"},"primaryImageOfPage":{"@id":"https:\/\/apotalent.com\/#primaryimage"},"image":{"@id":"https:\/\/apotalent.com\/#primaryimage"},"thumbnailUrl":"https:\/\/apotalent.com\/wp-content\/uploads\/2025\/04\/Mesa-de-trabajo-54-copia-2@2x-1.png","datePublished":"2025-04-01T15:41:57+00:00","dateModified":"2025-04-02T09:45:27+00:00","breadcrumb":{"@id":"https:\/\/apotalent.com\/#breadcrumb"},"inLanguage":"en-GB","potentialAction":[{"@type":"ReadAction","target":["https:\/\/apotalent.com\/"]}]},{"@type":"ImageObject","inLanguage":"en-GB","@id":"https:\/\/apotalent.com\/#primaryimage","url":"https:\/\/apotalent.com\/wp-content\/uploads\/2025\/04\/Mesa-de-trabajo-54-copia-2@2x-1.png","contentUrl":"https:\/\/apotalent.com\/wp-content\/uploads\/2025\/04\/Mesa-de-trabajo-54-copia-2@2x-1.png"},{"@type":"BreadcrumbList","@id":"https:\/\/apotalent.com\/#breadcrumb","itemListElement":[{"@type":"ListItem","position":1,"name":"Portada","item":"https:\/\/apotalent.com\/"},{"@type":"ListItem","position":2,"name":"P\u00e1gina fuera de servicio"}]},{"@type":"WebSite","@id":"https:\/\/apotalent.com\/#website","url":"https:\/\/apotalent.com\/","name":"ApoTalent - Conectamos farmacias con profesionales farmac\u00e9uticos","description":"Automatizamos el proceso de an\u00e1lisis y selecci\u00f3n de candidatos, conectando a las farmacias con los candidatos que m\u00e1s se ajusten a una oferta","publisher":{"@id":"https:\/\/apotalent.com\/#organization"},"potentialAction":[{"@type":"SearchAction","target":{"@type":"EntryPoint","urlTemplate":"https:\/\/apotalent.com\/?s={search_term_string}"},"query-input":{"@type":"PropertyValueSpecification","valueRequired":true,"valueName":"search_term_string"}}],"inLanguage":"en-GB"},{"@type":"Organization","@id":"https:\/\/apotalent.com\/#organization","name":"ApoTalent","url":"https:\/\/apotalent.com\/","logo":{"@type":"ImageObject","inLanguage":"en-GB","@id":"https:\/\/apotalent.com\/#\/schema\/logo\/image\/","url":"https:\/\/apotalent.com\/wp-content\/uploads\/2021\/01\/cropped-Group-392.png","contentUrl":"https:\/\/apotalent.com\/wp-content\/uploads\/2021\/01\/cropped-Group-392.png","width":1074,"height":351,"caption":"ApoTalent"},"image":{"@id":"https:\/\/apotalent.com\/#\/schema\/logo\/image\/"},"sameAs":["https:\/\/www.facebook.com\/profile.php?id=100075030421261","https:\/\/www.instagram.com\/apotalent\/"]}]}},"_links":{"self":[{"href":"https:\/\/apotalent.com\/en\/wp-json\/wp\/v2\/pages\/4694","targetHints":{"allow":["GET"]}}],"collection":[{"href":"https:\/\/apotalent.com\/en\/wp-json\/wp\/v2\/pages"}],"about":[{"href":"https:\/\/apotalent.com\/en\/wp-json\/wp\/v2\/types\/page"}],"author":[{"embeddable":true,"href":"https:\/\/apotalent.com\/en\/wp-json\/wp\/v2\/users\/1"}],"replies":[{"embeddable":true,"href":"https:\/\/apotalent.com\/en\/wp-json\/wp\/v2\/comments?post=4694"}],"version-history":[{"count":48,"href":"https:\/\/apotalent.com\/en\/wp-json\/wp\/v2\/pages\/4694\/revisions"}],"predecessor-version":[{"id":4758,"href":"https:\/\/apotalent.com\/en\/wp-json\/wp\/v2\/pages\/4694\/revisions\/4758"}],"wp:attachment":[{"href":"https:\/\/apotalent.com\/en\/wp-json\/wp\/v2\/media?parent=4694"}],"curies":[{"name":"wp","href":"https:\/\/api.w.org\/{rel}","templated":true}]}}